{"id":56,"date":"2024-01-04T01:07:53","date_gmt":"2024-01-04T01:07:53","guid":{"rendered":"https:\/\/tdpainting.wpenginepowered.com\/?page_id=56"},"modified":"2024-02-06T17:09:56","modified_gmt":"2024-02-06T17:09:56","slug":"about-us","status":"publish","type":"page","link":"https:\/\/tdpaintingandrepairs.com\/pt\/about-us\/","title":{"rendered":"Sobre n\u00f3s"},"content":{"rendered":"<div data-elementor-type=\"wp-page\" data-elementor-id=\"56\" class=\"elementor elementor-56\" data-elementor-post-type=\"page\">\n\t\t\t\t<div class=\"elementor-element elementor-element-206cfaa7 e-con-full e-flex e-con e-parent\" data-id=\"206cfaa7\" data-element_type=\"container\" data-e-type=\"container\">\n\t\t<div class=\"elementor-element elementor-element-78c47c4d e-con-full e-flex e-con e-child\" data-id=\"78c47c4d\" data-element_type=\"container\" data-e-type=\"container\">\n\t\t<div class=\"elementor-element elementor-element-41d89ffc e-con-full e-flex e-con e-child\" data-id=\"41d89ffc\" data-element_type=\"container\" data-e-type=\"container\">\n\t\t\t\t<div class=\"elementor-element elementor-element-341e065e elementor-invisible elementor-widget elementor-widget-heading\" data-id=\"341e065e\" data-element_type=\"widget\" data-e-type=\"widget\" data-settings=\"{&quot;_animation&quot;:&quot;fadeIn&quot;}\" data-widget_type=\"heading.default\">\n\t\t\t\t<div class=\"elementor-widget-container\">\n\t\t\t\t\t<h1 class=\"elementor-heading-title elementor-size-default\">Atualizar<\/h1>\t\t\t\t<\/div>\n\t\t\t\t<\/div>\n\t\t\t\t<div class=\"elementor-element elementor-element-180eb29b elementor-widget-divider--view-line elementor-invisible elementor-widget elementor-widget-divider\" data-id=\"180eb29b\" data-element_type=\"widget\" data-e-type=\"widget\" data-settings=\"{&quot;_animation&quot;:&quot;fadeIn&quot;,&quot;_animation_delay&quot;:&quot;200&quot;}\" data-widget_type=\"divider.default\">\n\t\t\t\t<div class=\"elementor-widget-container\">\n\t\t\t\t\t\t\t<div class=\"elementor-divider\">\n\t\t\t<span class=\"elementor-divider-separator\">\n\t\t\t\t\t\t<\/span>\n\t\t<\/div>\n\t\t\t\t\t\t<\/div>\n\t\t\t\t<\/div>\n\t\t\t\t<div class=\"elementor-element elementor-element-542f9ae3 elementor-invisible elementor-widget elementor-widget-heading\" data-id=\"542f9ae3\" data-element_type=\"widget\" data-e-type=\"widget\" data-settings=\"{&quot;_animation&quot;:&quot;fadeIn&quot;,&quot;_animation_delay&quot;:&quot;400&quot;}\" data-widget_type=\"heading.default\">\n\t\t\t\t<div class=\"elementor-widget-container\">\n\t\t\t\t\t<h2 class=\"elementor-heading-title elementor-size-default\">Empresa confi\u00e1vel &amp; profissional de pintura, &amp; reparo e restaura\u00e7\u00e3o<\/h2>\t\t\t\t<\/div>\n\t\t\t\t<\/div>\n\t\t\t\t<div class=\"elementor-element elementor-element-4fa6869c elementor-widget elementor-widget-text-editor\" data-id=\"4fa6869c\" data-element_type=\"widget\" data-e-type=\"widget\" data-widget_type=\"text-editor.default\">\n\t\t\t\t<div class=\"elementor-widget-container\">\n\t\t\t\t\t\t\t\t\t<p>Fundada nos princ\u00edpios do artesanato e da satisfa\u00e7\u00e3o do cliente, a TD Painting &amp; Repairs surgiu de uma vis\u00e3o compartilhada de criar uma empresa de pintura e reparo que se destacasse tanto em habilidade quanto em servi\u00e7o. Decidimos trazer um novo padr\u00e3o para a ind\u00fastria \u2013 um padr\u00e3o em que cada pincelada conte uma hist\u00f3ria de precis\u00e3o e cada reparo reflita um compromisso com a qualidade.<br \/><br \/>Nossa equipe de pintores qualificados e especialistas em reparos traz anos de experi\u00eancia para cada projeto. Desde pinturas residenciais complexas at\u00e9 reparos comerciais complexos, temos a experi\u00eancia necess\u00e1ria para lidar com uma ampla gama de desafios. Orgulhamo-nos da nossa aten\u00e7\u00e3o aos detalhes e da delicadeza com que abordamos cada tarefa.<\/p>\t\t\t\t\t\t\t\t<\/div>\n\t\t\t\t<\/div>\n\t\t\t\t<\/div>\n\t\t\t\t<div class=\"elementor-element elementor-element-5cba87b3 animated-fast elementor-invisible elementor-widget elementor-widget-button\" data-id=\"5cba87b3\" data-element_type=\"widget\" data-e-type=\"widget\" data-settings=\"{&quot;_animation&quot;:&quot;slideInDown&quot;,&quot;_animation_delay&quot;:&quot;600&quot;}\" data-widget_type=\"button.default\">\n\t\t\t\t<div class=\"elementor-widget-container\">\n\t\t\t\t\t\t\t\t\t<div class=\"elementor-button-wrapper\">\n\t\t\t\t\t<a class=\"elementor-button elementor-button-link elementor-size-sm\" href=\"#perfectresults\">\n\t\t\t\t\t\t<span class=\"elementor-button-content-wrapper\">\n\t\t\t\t\t\t<span class=\"elementor-button-icon\">\n\t\t\t\t<svg xmlns=\"http:\/\/www.w3.org\/2000\/svg\" id=\"ec71c4d0-af1b-41dd-bb86-7ac14096a6ec\" data-name=\"Layer 1\" width=\"19.2\" height=\"24.2358\" viewbox=\"0 0 19.2 24.2358\"><polygon points=\"18 15.2 10.3 21 10.3 0 8.3 0 8.3 20.9 1.2 15.2 0 16.7 9.275 24.236 19.2 16.8 18 15.2\"><\/polygon><\/svg>\t\t\t<\/span>\n\t\t\t\t\t\t\t\t<\/span>\n\t\t\t\t\t<\/a>\n\t\t\t\t<\/div>\n\t\t\t\t\t\t\t\t<\/div>\n\t\t\t\t<\/div>\n\t\t\t\t<\/div>\n\t\t<div class=\"elementor-element elementor-element-7d64e8a9 e-con-full e-flex e-con e-child\" data-id=\"7d64e8a9\" data-element_type=\"container\" data-e-type=\"container\" data-settings=\"{&quot;background_background&quot;:&quot;classic&quot;}\">\n\t\t\t\t<\/div>\n\t\t\t\t<\/div>\n\t\t<div class=\"elementor-element elementor-element-89c8a88 e-con-full e-flex e-con e-parent\" data-id=\"89c8a88\" data-element_type=\"container\" data-e-type=\"container\" id=\"perfectresults\">\n\t\t<div class=\"elementor-element elementor-element-51b57cc7 e-con-full e-flex e-con e-child\" data-id=\"51b57cc7\" data-element_type=\"container\" data-e-type=\"container\" data-settings=\"{&quot;background_background&quot;:&quot;classic&quot;}\">\n\t\t\t\t<\/div>\n\t\t<div class=\"elementor-element elementor-element-3c278fa3 e-con-full e-flex e-con e-child\" data-id=\"3c278fa3\" data-element_type=\"container\" data-e-type=\"container\">\n\t\t\t\t<div class=\"elementor-element elementor-element-38ae4d0 elementor-invisible elementor-widget elementor-widget-heading\" data-id=\"38ae4d0\" data-element_type=\"widget\" data-e-type=\"widget\" data-settings=\"{&quot;_animation&quot;:&quot;fadeIn&quot;}\" data-widget_type=\"heading.default\">\n\t\t\t\t<div class=\"elementor-widget-container\">\n\t\t\t\t\t<h2 class=\"elementor-heading-title elementor-size-default\">perfei\u00e7\u00e3o garantida<\/h2>\t\t\t\t<\/div>\n\t\t\t\t<\/div>\n\t\t\t\t<div class=\"elementor-element elementor-element-3c49a63c elementor-widget-divider--view-line elementor-invisible elementor-widget elementor-widget-divider\" data-id=\"3c49a63c\" data-element_type=\"widget\" data-e-type=\"widget\" data-settings=\"{&quot;_animation&quot;:&quot;slideInRight&quot;}\" data-widget_type=\"divider.default\">\n\t\t\t\t<div class=\"elementor-widget-container\">\n\t\t\t\t\t\t\t<div class=\"elementor-divider\">\n\t\t\t<span class=\"elementor-divider-separator\">\n\t\t\t\t\t\t<\/span>\n\t\t<\/div>\n\t\t\t\t\t\t<\/div>\n\t\t\t\t<\/div>\n\t\t\t\t<div class=\"elementor-element elementor-element-16840402 elementor-widget elementor-widget-text-editor\" data-id=\"16840402\" data-element_type=\"widget\" data-e-type=\"widget\" data-widget_type=\"text-editor.default\">\n\t\t\t\t<div class=\"elementor-widget-container\">\n\t\t\t\t\t\t\t\t\t<p>Entendemos que cada cliente \u00e9 \u00fanico e cada projeto tem seu pr\u00f3prio conjunto de requisitos. \u00c9 por isso que adotamos uma abordagem centrada no cliente, adaptando nossos servi\u00e7os para atender \u00e0s suas necessidades espec\u00edficas. Comunica\u00e7\u00e3o aberta, transpar\u00eancia e colabora\u00e7\u00e3o s\u00e3o os pilares de nossas intera\u00e7\u00f5es com os clientes.<\/p><p>Numa ind\u00fastria em constante evolu\u00e7\u00e3o, permanecemos na vanguarda da inova\u00e7\u00e3o. Desde as mais recentes t\u00e9cnicas de pintura at\u00e9 solu\u00e7\u00f5es avan\u00e7adas de repara\u00e7\u00e3o, incorporamos as melhores pr\u00e1ticas para garantir a longevidade e a qualidade do nosso trabalho. Usamos materiais premium para oferecer acabamentos que resistem ao teste do tempo.<\/p>\t\t\t\t\t\t\t\t<\/div>\n\t\t\t\t<\/div>\n\t\t\t\t<\/div>\n\t\t\t\t<\/div>\n\t\t<div class=\"elementor-element elementor-element-6016ba78 e-con-full e-flex e-con e-parent\" data-id=\"6016ba78\" data-element_type=\"container\" data-e-type=\"container\">\n\t\t<div class=\"elementor-element elementor-element-44d54177 e-con-full e-flex e-con e-child\" data-id=\"44d54177\" data-element_type=\"container\" data-e-type=\"container\" data-settings=\"{&quot;background_background&quot;:&quot;classic&quot;}\">\n\t\t\t\t<\/div>\n\t\t<div class=\"elementor-element elementor-element-3f640fae e-con-full e-flex e-con e-child\" data-id=\"3f640fae\" data-element_type=\"container\" data-e-type=\"container\">\n\t\t\t\t<div class=\"elementor-element elementor-element-51786963 elementor-widget-divider--view-line elementor-invisible elementor-widget elementor-widget-divider\" data-id=\"51786963\" data-element_type=\"widget\" data-e-type=\"widget\" data-settings=\"{&quot;_animation&quot;:&quot;slideInRight&quot;}\" data-widget_type=\"divider.default\">\n\t\t\t\t<div class=\"elementor-widget-container\">\n\t\t\t\t\t\t\t<div class=\"elementor-divider\">\n\t\t\t<span class=\"elementor-divider-separator\">\n\t\t\t\t\t\t<\/span>\n\t\t<\/div>\n\t\t\t\t\t\t<\/div>\n\t\t\t\t<\/div>\n\t\t\t\t<div class=\"elementor-element elementor-element-5b4d204e elementor-invisible elementor-widget elementor-widget-heading\" data-id=\"5b4d204e\" data-element_type=\"widget\" data-e-type=\"widget\" data-settings=\"{&quot;_animation&quot;:&quot;fadeIn&quot;,&quot;_animation_delay&quot;:&quot;400&quot;}\" data-widget_type=\"heading.default\">\n\t\t\t\t<div class=\"elementor-widget-container\">\n\t\t\t\t\t<h3 class=\"elementor-heading-title elementor-size-default\">Obtenha um or\u00e7amento gr\u00e1tis<\/h3>\t\t\t\t<\/div>\n\t\t\t\t<\/div>\n\t\t\t\t<div class=\"elementor-element elementor-element-4c4472a6 elementor-widget elementor-widget-text-editor\" data-id=\"4c4472a6\" data-element_type=\"widget\" data-e-type=\"widget\" data-widget_type=\"text-editor.default\">\n\t\t\t\t<div class=\"elementor-widget-container\">\n\t\t\t\t\t\t\t\t\t<p><span style=\"font-weight: 400;\">Convidamos voc\u00ea a experimentar o diferencial da TD Painting &amp; Repairs. Desde pinturas residenciais que transformam seu espa\u00e7o residencial at\u00e9 reparos comerciais que melhoram seu local de trabalho, estamos aqui para transformar seus sonhos em realidade. Nossa paix\u00e3o pelo nosso artesanato e dedica\u00e7\u00e3o \u00e0 sua satisfa\u00e7\u00e3o nos diferenciam.<\/span><\/p><p><span style=\"font-weight: 400;\">Descubra a diferen\u00e7a de trabalhar com uma empresa de pintura e repara\u00e7\u00e3o que se preocupa \u2013 escolha a TD Painting &amp; Repairs para uma transforma\u00e7\u00e3o que vai al\u00e9m da superf\u00edcie!<\/span><\/p>\t\t\t\t\t\t\t\t<\/div>\n\t\t\t\t<\/div>\n\t\t\t\t<div class=\"elementor-element elementor-element-45f7692 elementor-widget elementor-widget-button\" data-id=\"45f7692\" data-element_type=\"widget\" data-e-type=\"widget\" data-widget_type=\"button.default\">\n\t\t\t\t<div class=\"elementor-widget-container\">\n\t\t\t\t\t\t\t\t\t<div class=\"elementor-button-wrapper\">\n\t\t\t\t\t<a class=\"elementor-button elementor-button-link elementor-size-sm\" href=\"https:\/\/tdpaintingandrepairs.com\/pt\/contact-us\/\">\n\t\t\t\t\t\t<span class=\"elementor-button-content-wrapper\">\n\t\t\t\t\t\t\t\t\t<span class=\"elementor-button-text\">Contate-nos<\/span>\n\t\t\t\t\t<\/span>\n\t\t\t\t\t<\/a>\n\t\t\t\t<\/div>\n\t\t\t\t\t\t\t\t<\/div>\n\t\t\t\t<\/div>\n\t\t\t\t<\/div>\n\t\t\t\t<\/div>\n\t\t\t\t<\/div>","protected":false},"excerpt":{"rendered":"<p>Refresh Reliable &amp; Professional Painting, Repair, &amp; Restoration Company Founded on the principles of craftsmanship and customer satisfaction, TD Painting &amp; Repairs emerged from a shared vision to create a painting and repair company that stands out in both skill and service. We set out to bring a new standard to the industry \u2013 one [&hellip;]<\/p>\n","protected":false},"author":1,"featured_media":0,"parent":0,"menu_order":0,"comment_status":"closed","ping_status":"closed","template":"","meta":{"footnotes":""},"class_list":["post-56","page","type-page","status-publish","hentry"],"yoast_head":"<!-- This site is optimized with the Yoast SEO plugin v27.5 - https:\/\/yoast.com\/product\/yoast-seo-wordpress\/ -->\n<title>About Us - TD Painting and Repairs<\/title>\n<meta name=\"robots\" content=\"index, follow, max-snippet:-1, max-image-preview:large, max-video-preview:-1\" \/>\n<link rel=\"canonical\" href=\"https:\/\/tdpaintingandrepairs.com\/pt\/about-us\/\" \/>\n<meta property=\"og:locale\" content=\"pt_BR\" \/>\n<meta property=\"og:type\" content=\"article\" \/>\n<meta property=\"og:title\" content=\"About Us - TD Painting and Repairs\" \/>\n<meta property=\"og:description\" content=\"Refresh Reliable &amp; Professional Painting, Repair, &amp; Restoration Company Founded on the principles of craftsmanship and customer satisfaction, TD Painting &amp; Repairs emerged from a shared vision to create a painting and repair company that stands out in both skill and service. We set out to bring a new standard to the industry \u2013 one [&hellip;]\" \/>\n<meta property=\"og:url\" content=\"https:\/\/tdpaintingandrepairs.com\/pt\/about-us\/\" \/>\n<meta property=\"og:site_name\" content=\"TD Painting and Repairs\" \/>\n<meta property=\"article:modified_time\" content=\"2024-02-06T17:09:56+00:00\" \/>\n<meta name=\"twitter:card\" content=\"summary_large_image\" \/>\n<meta name=\"twitter:label1\" content=\"Est. tempo de leitura\" \/>\n\t<meta name=\"twitter:data1\" content=\"2 minutos\" \/>\n<script type=\"application\/ld+json\" class=\"yoast-schema-graph\">{\"@context\":\"https:\\\/\\\/schema.org\",\"@graph\":[{\"@type\":\"WebPage\",\"@id\":\"https:\\\/\\\/tdpaintingandrepairs.com\\\/about-us\\\/\",\"url\":\"https:\\\/\\\/tdpaintingandrepairs.com\\\/about-us\\\/\",\"name\":\"About Us - TD Painting and Repairs\",\"isPartOf\":{\"@id\":\"https:\\\/\\\/tdpaintingandrepairs.com\\\/#website\"},\"datePublished\":\"2024-01-04T01:07:53+00:00\",\"dateModified\":\"2024-02-06T17:09:56+00:00\",\"breadcrumb\":{\"@id\":\"https:\\\/\\\/tdpaintingandrepairs.com\\\/about-us\\\/#breadcrumb\"},\"inLanguage\":\"pt-BR\",\"potentialAction\":[{\"@type\":\"ReadAction\",\"target\":[\"https:\\\/\\\/tdpaintingandrepairs.com\\\/about-us\\\/\"]}]},{\"@type\":\"BreadcrumbList\",\"@id\":\"https:\\\/\\\/tdpaintingandrepairs.com\\\/about-us\\\/#breadcrumb\",\"itemListElement\":[{\"@type\":\"ListItem\",\"position\":1,\"name\":\"Home\",\"item\":\"https:\\\/\\\/tdpaintingandrepairs.com\\\/\"},{\"@type\":\"ListItem\",\"position\":2,\"name\":\"About Us\"}]},{\"@type\":\"WebSite\",\"@id\":\"https:\\\/\\\/tdpaintingandrepairs.com\\\/#website\",\"url\":\"https:\\\/\\\/tdpaintingandrepairs.com\\\/\",\"name\":\"TD Painting and Repairs\",\"description\":\"Your SUPER-powered WP Engine Site\",\"publisher\":{\"@id\":\"https:\\\/\\\/tdpaintingandrepairs.com\\\/#organization\"},\"potentialAction\":[{\"@type\":\"SearchAction\",\"target\":{\"@type\":\"EntryPoint\",\"urlTemplate\":\"https:\\\/\\\/tdpaintingandrepairs.com\\\/?s={search_term_string}\"},\"query-input\":{\"@type\":\"PropertyValueSpecification\",\"valueRequired\":true,\"valueName\":\"search_term_string\"}}],\"inLanguage\":\"pt-BR\"},{\"@type\":\"Organization\",\"@id\":\"https:\\\/\\\/tdpaintingandrepairs.com\\\/#organization\",\"name\":\"TD Painting and Repairs\",\"url\":\"https:\\\/\\\/tdpaintingandrepairs.com\\\/\",\"logo\":{\"@type\":\"ImageObject\",\"inLanguage\":\"pt-BR\",\"@id\":\"https:\\\/\\\/tdpaintingandrepairs.com\\\/#\\\/schema\\\/logo\\\/image\\\/\",\"url\":\"https:\\\/\\\/tdpaintingandrepairs.com\\\/wp-content\\\/uploads\\\/2024\\\/01\\\/tdpaintinglogo.png\",\"contentUrl\":\"https:\\\/\\\/tdpaintingandrepairs.com\\\/wp-content\\\/uploads\\\/2024\\\/01\\\/tdpaintinglogo.png\",\"width\":855,\"height\":160,\"caption\":\"TD Painting and Repairs\"},\"image\":{\"@id\":\"https:\\\/\\\/tdpaintingandrepairs.com\\\/#\\\/schema\\\/logo\\\/image\\\/\"}}]}<\/script>\n<!-- \/ Yoast SEO plugin. -->","yoast_head_json":{"title":"About Us - TD Painting and Repairs","robots":{"index":"index","follow":"follow","max-snippet":"max-snippet:-1","max-image-preview":"max-image-preview:large","max-video-preview":"max-video-preview:-1"},"canonical":"https:\/\/tdpaintingandrepairs.com\/pt\/about-us\/","og_locale":"pt_BR","og_type":"article","og_title":"About Us - TD Painting and Repairs","og_description":"Refresh Reliable &amp; Professional Painting, Repair, &amp; Restoration Company Founded on the principles of craftsmanship and customer satisfaction, TD Painting &amp; Repairs emerged from a shared vision to create a painting and repair company that stands out in both skill and service. We set out to bring a new standard to the industry \u2013 one [&hellip;]","og_url":"https:\/\/tdpaintingandrepairs.com\/pt\/about-us\/","og_site_name":"TD Painting and Repairs","article_modified_time":"2024-02-06T17:09:56+00:00","twitter_card":"summary_large_image","twitter_misc":{"Est. tempo de leitura":"2 minutos"},"schema":{"@context":"https:\/\/schema.org","@graph":[{"@type":"WebPage","@id":"https:\/\/tdpaintingandrepairs.com\/about-us\/","url":"https:\/\/tdpaintingandrepairs.com\/about-us\/","name":"About Us - TD Painting and Repairs","isPartOf":{"@id":"https:\/\/tdpaintingandrepairs.com\/#website"},"datePublished":"2024-01-04T01:07:53+00:00","dateModified":"2024-02-06T17:09:56+00:00","breadcrumb":{"@id":"https:\/\/tdpaintingandrepairs.com\/about-us\/#breadcrumb"},"inLanguage":"pt-BR","potentialAction":[{"@type":"ReadAction","target":["https:\/\/tdpaintingandrepairs.com\/about-us\/"]}]},{"@type":"BreadcrumbList","@id":"https:\/\/tdpaintingandrepairs.com\/about-us\/#breadcrumb","itemListElement":[{"@type":"ListItem","position":1,"name":"Home","item":"https:\/\/tdpaintingandrepairs.com\/"},{"@type":"ListItem","position":2,"name":"About Us"}]},{"@type":"WebSite","@id":"https:\/\/tdpaintingandrepairs.com\/#website","url":"https:\/\/tdpaintingandrepairs.com\/","name":"TD Painting and Repairs","description":"Your SUPER-powered WP Engine Site","publisher":{"@id":"https:\/\/tdpaintingandrepairs.com\/#organization"},"potentialAction":[{"@type":"SearchAction","target":{"@type":"EntryPoint","urlTemplate":"https:\/\/tdpaintingandrepairs.com\/?s={search_term_string}"},"query-input":{"@type":"PropertyValueSpecification","valueRequired":true,"valueName":"search_term_string"}}],"inLanguage":"pt-BR"},{"@type":"Organization","@id":"https:\/\/tdpaintingandrepairs.com\/#organization","name":"TD Painting and Repairs","url":"https:\/\/tdpaintingandrepairs.com\/","logo":{"@type":"ImageObject","inLanguage":"pt-BR","@id":"https:\/\/tdpaintingandrepairs.com\/#\/schema\/logo\/image\/","url":"https:\/\/tdpaintingandrepairs.com\/wp-content\/uploads\/2024\/01\/tdpaintinglogo.png","contentUrl":"https:\/\/tdpaintingandrepairs.com\/wp-content\/uploads\/2024\/01\/tdpaintinglogo.png","width":855,"height":160,"caption":"TD Painting and Repairs"},"image":{"@id":"https:\/\/tdpaintingandrepairs.com\/#\/schema\/logo\/image\/"}}]}},"_links":{"self":[{"href":"https:\/\/tdpaintingandrepairs.com\/pt\/wp-json\/wp\/v2\/pages\/56","targetHints":{"allow":["GET"]}}],"collection":[{"href":"https:\/\/tdpaintingandrepairs.com\/pt\/wp-json\/wp\/v2\/pages"}],"about":[{"href":"https:\/\/tdpaintingandrepairs.com\/pt\/wp-json\/wp\/v2\/types\/page"}],"author":[{"embeddable":true,"href":"https:\/\/tdpaintingandrepairs.com\/pt\/wp-json\/wp\/v2\/users\/1"}],"replies":[{"embeddable":true,"href":"https:\/\/tdpaintingandrepairs.com\/pt\/wp-json\/wp\/v2\/comments?post=56"}],"version-history":[{"count":0,"href":"https:\/\/tdpaintingandrepairs.com\/pt\/wp-json\/wp\/v2\/pages\/56\/revisions"}],"wp:attachment":[{"href":"https:\/\/tdpaintingandrepairs.com\/pt\/wp-json\/wp\/v2\/media?parent=56"}],"curies":[{"name":"wp","href":"https:\/\/api.w.org\/{rel}","templated":true}]}}